{"id":7438,"date":"2023-05-15T09:31:14","date_gmt":"2023-05-15T07:31:14","guid":{"rendered":"https:\/\/wellnessmadrid.com\/shop\/?post_type=product&#038;p=7438"},"modified":"2026-03-27T16:44:33","modified_gmt":"2026-03-27T15:44:33","slug":"laser-lyma","status":"publish","type":"product","link":"https:\/\/wellnessmadrid.com\/shop\/producto\/laser-lyma\/","title":{"rendered":"Laser LYMA"},"content":{"rendered":"<h1>Laser LYMA<\/h1>\n<h3><\/h3>\n<p>El l\u00e1ser LYMA es el dispositivo de belleza m\u00e1s poderoso del mundo para utilizar en tu rutina diaria en casa. Combina todas las propiedades de los sistemas l\u00e1seres que se encuentran en las mejores cl\u00ednicas de dermatolog\u00eda.\u00a0 Es 100 veces m\u00e1s potente que un dispositivo de luz led tradicional siendo totalmente seguro e indoloro.<\/p>\n<p>El l\u00e1ser LYMA ha causado un cambio s\u00edsmico en el mundo del tratamiento de rejuvenecimiento de la piel con l\u00e1ser. Seg\u00fan el Dr. Graeme E. Glass, cirujano pl\u00e1stico est\u00e9tico y craneofacial, as\u00ed como profesores asociados de cirug\u00eda pl\u00e1stica han llamado al l\u00e1ser LYMA \u201cuno de los productos m\u00e1s emocionante e innovadores que se han desarrollado con el prop\u00f3sito de rejuvenecer la piel\u201d.<\/p>\n<h2>\u00bfQu\u00e9 incluye el pack?<\/h2>\n<ul>\n<li>L\u00e1ser LYMA<\/li>\n<li>Lyma active Mist (equivalente a 30 d\u00edas de suministro)<\/li>\n<li>Lyma Priming serum (equivalente a 30 d\u00edas de suministro)<\/li>\n<li>Estuche de transporte<\/li>\n<li>Tarjeta de autenticidad para acceder a los servicios de LYMA Wellness<\/li>\n<\/ul>\n<p>&nbsp;<\/p>\n<h2>Modo de empleo<\/h2>\n<p>Utilizar el l\u00e1ser LYMA es muy sencillo:<\/p>\n<ol>\n<li>Empezamos con unas pulverizaciones del Active Mist en la zona a tratar y dejamos secar.<\/li>\n<li>Aplicamos una fina capa del serum.<\/li>\n<li>Aplicar el l\u00e1ser sobre la piel durante 15 min siguiendo el programa online. Si desea centrarse en un \u00e1rea espec\u00edfica, puede mantener el l\u00e1ser sobre esta parte durante m\u00e1s tiempo.<\/li>\n<li>Terminar con tu rutina habitual.<\/li>\n<\/ol>\n<p>&nbsp;<\/p>\n","protected":false},"excerpt":{"rendered":"<p>&nbsp;<\/p>\n<h1>L\u00e1ser Lyma<\/h1>\n<h3><\/h3>\n<p>LYMA es el dispositivo de belleza m\u00e1s poderoso del mundo para utilizar en tu rutina diaria en casa.<\/p>\n<ul>\n<li>100 veces m\u00e1s potente que una luz led.<\/li>\n<li>El primer dispositivo laser port\u00e1til.<\/li>\n<li>Totalmente seguro e indoloro.<\/li>\n<li>Para todo tipo de pieles.<\/li>\n<\/ul>\n<p><strong>Dos a\u00f1os de garant\u00eda.<br \/>\n<\/strong><strong>Distribuidor oficial de LYMA en Espa\u00f1a.<\/strong><\/p>\n","protected":false},"featured_media":7540,"comment_status":"open","ping_status":"closed","template":"","meta":{"_monsterinsights_skip_tracking":false,"_monsterinsights_sitenote_active":false,"_monsterinsights_sitenote_note":"","_monsterinsights_sitenote_category":0,"jetpack_post_was_ever_published":false,"jetpack_publicize_message":"","jetpack_publicize_feature_enabled":true,"jetpack_social_post_already_shared":true,"jetpack_social_options":{"image_generator_settings":{"template":"highway","enabled":false},"version":2}},"product_cat":[87],"product_tag":[],"class_list":{"0":"post-7438","1":"product","2":"type-product","3":"status-publish","4":"has-post-thumbnail","6":"product_cat-laser","7":"description-off","9":"first","10":"instock","11":"taxable","12":"shipping-taxable","13":"purchasable","14":"product-type-simple"},"jetpack_publicize_connections":[],"aioseo_notices":[],"jetpack_sharing_enabled":true,"_links":{"self":[{"href":"https:\/\/wellnessmadrid.com\/shop\/wp-json\/wp\/v2\/product\/7438","targetHints":{"allow":["GET"]}}],"collection":[{"href":"https:\/\/wellnessmadrid.com\/shop\/wp-json\/wp\/v2\/product"}],"about":[{"href":"https:\/\/wellnessmadrid.com\/shop\/wp-json\/wp\/v2\/types\/product"}],"replies":[{"embeddable":true,"href":"https:\/\/wellnessmadrid.com\/shop\/wp-json\/wp\/v2\/comments?post=7438"}],"wp:featuredmedia":[{"embeddable":true,"href":"https:\/\/wellnessmadrid.com\/shop\/wp-json\/wp\/v2\/media\/7540"}],"wp:attachment":[{"href":"https:\/\/wellnessmadrid.com\/shop\/wp-json\/wp\/v2\/media?parent=7438"}],"wp:term":[{"taxonomy":"product_cat","embeddable":true,"href":"https:\/\/wellnessmadrid.com\/shop\/wp-json\/wp\/v2\/product_cat?post=7438"},{"taxonomy":"product_tag","embeddable":true,"href":"https:\/\/wellnessmadrid.com\/shop\/wp-json\/wp\/v2\/product_tag?post=7438"}],"curies":[{"name":"wp","href":"https:\/\/api.w.org\/{rel}","templated":true}]}}