{"id":7629,"date":"2024-11-05T20:06:59","date_gmt":"2024-11-05T19:06:59","guid":{"rendered":"https:\/\/wellnessmadrid.com\/shop\/?page_id=7629"},"modified":"2024-11-05T20:34:46","modified_gmt":"2024-11-05T19:34:46","slug":"politica-de-devoluciones","status":"publish","type":"page","link":"https:\/\/wellnessmadrid.com\/shop\/politica-de-devoluciones\/","title":{"rendered":"Pol\u00edtica de Devoluciones"},"content":{"rendered":"\t\t<div data-elementor-type=\"wp-page\" data-elementor-id=\"7629\" class=\"elementor elementor-7629\" data-elementor-post-type=\"page\">\n\t\t\t\t\t\t<section class=\"elementor-section elementor-top-section elementor-element elementor-element-8278a80 elementor-section-boxed elementor-section-height-default elementor-section-height-default\" data-id=\"8278a80\" data-element_type=\"section\" data-e-type=\"section\">\n\t\t\t\t\t\t<div class=\"elementor-container elementor-column-gap-default\">\n\t\t\t\t\t<div class=\"elementor-column elementor-col-100 elementor-top-column elementor-element elementor-element-9aa4e21\" data-id=\"9aa4e21\" data-element_type=\"column\" data-e-type=\"column\">\n\t\t\t<div class=\"elementor-widget-wrap elementor-element-populated\">\n\t\t\t\t\t\t<div class=\"elementor-element elementor-element-9f7617b elementor-widget elementor-widget-text-editor\" data-id=\"9f7617b\" data-element_type=\"widget\" data-e-type=\"widget\" data-widget_type=\"text-editor.default\">\n\t\t\t\t<div class=\"elementor-widget-container\">\n\t\t\t\t\t\t\t\t\t<p><span style=\"color: var( --e-global-color-text ); font-family: var( --e-global-typography-text-font-family ), Sans-serif; letter-spacing: var(--the7-base-letter-spacing); text-transform: var(--the7-base-text-transform); word-spacing: normal;\"><b>POL\u00cdTICA DE DEVOLUCIONES<\/b><\/span><\/p><p><span style=\"color: var( --e-global-color-text ); font-family: var( --e-global-typography-text-font-family ), Sans-serif; font-weight: var( --e-global-typography-text-font-weight ); letter-spacing: var(--the7-base-letter-spacing); text-transform: var(--the7-base-text-transform); word-spacing: normal;\">\u00a0<\/span><\/p><p><span style=\"color: var( --e-global-color-text ); font-family: var( --e-global-typography-text-font-family ), Sans-serif; font-weight: var( --e-global-typography-text-font-weight ); letter-spacing: var(--the7-base-letter-spacing); text-transform: var(--the7-base-text-transform); word-spacing: normal;\">El comprador que haya realizado una compra a travez de nuestra pagina web, dispondr\u00e1 de 14 d\u00edas naturales para desistir, a partir del d\u00eda que el cliente reciba el product, sin penalizaci\u00f3n alguna y sin indicaci\u00f3n de los motivos.<\/span><\/p><p>El ejercicio del derecho de desistimiento deber\u00e1 realizarse mediante notificaci\u00f3n telef\u00f3nica a 917373595,\u00a0 o dirigi\u00e9ndose al correo electr\u00f3nico info@wellnessmadrid.com<\/p><p>Seg\u00fan lo establecido en el art\u00edculo 103 de la Ley 3\/2014, del 27 de marzo por la que se modifica el texto refundido de la Ley General para la defensa de los consumidores y usuario, los suministros de servicios o bienes confeccionado conforme a las especificaciones del consumidor o claramente personalizados, o que, por su naturaleza no puedan ser devueltos o puedan deteriorarse o caducar con rapidez, est\u00e1n exentos de desistimiento.<\/p><p>La higiene y la seguridad de nuestros clientes son muy importantes para nosotros, no podemos realizar devoluci\u00f3n para los siguientes art\u00edculos devueltos:<\/p><p>Todos los dispositivos que se hayan abierto, utilizado o cuyo sello de seguridad no est\u00e9 intacto\u00a0<\/p><p>No se admiten devoluciones de productos cosm\u00e9tica que hayan sido abierto o usado.\u00a0<\/p><p>No se admiten devoluciones de l\u00e1ser LYMA cuyo sello de seguridad no est\u00e9 intacto.<\/p><p>Todos los art\u00edculos se inspeccionan en el momento de la devoluci\u00f3n y si un art\u00edculo se devuelve da\u00f1ado, usado o en una condici\u00f3n inadecuada no podremos dar el reembolso y tendremos que enviarlo de nuevo<\/p><p>No reembolsamos los gastos de env\u00edo.<\/p><p>\u00a0abonar\u00eda la diferencia en el centro tras disfrutar del servicio<\/p><p>Para cualquier duda o consulta pueden contactar con WB SHOP al 917373595<\/p>\t\t\t\t\t\t\t\t<\/div>\n\t\t\t\t<\/div>\n\t\t\t\t\t<\/div>\n\t\t<\/div>\n\t\t\t\t\t<\/div>\n\t\t<\/section>\n\t\t\t\t<\/div>\n\t\t","protected":false},"excerpt":{"rendered":"<p>POL\u00cdTICA DE DEVOLUCIONES \u00a0 El comprador que haya realizado una compra a travez de nuestra pagina web, dispondr\u00e1 de 14 d\u00edas naturales para desistir, a partir del d\u00eda que el cliente reciba el product, sin penalizaci\u00f3n alguna y sin indicaci\u00f3n de los motivos. El ejercicio del derecho de desistimiento deber\u00e1 realizarse mediante notificaci\u00f3n telef\u00f3nica a&hellip;<\/p>\n","protected":false},"author":1,"featured_media":0,"parent":0,"menu_order":0,"comment_status":"closed","ping_status":"closed","template":"","meta":{"_monsterinsights_skip_tracking":false,"_monsterinsights_sitenote_active":false,"_monsterinsights_sitenote_note":"","_monsterinsights_sitenote_category":0,"jetpack_post_was_ever_published":false,"footnotes":""},"class_list":["post-7629","page","type-page","status-publish","hentry"],"aioseo_notices":[],"jetpack_sharing_enabled":true,"jetpack_shortlink":"https:\/\/wp.me\/PaX9Ox-1Z3","_links":{"self":[{"href":"https:\/\/wellnessmadrid.com\/shop\/wp-json\/wp\/v2\/pages\/7629","targetHints":{"allow":["GET"]}}],"collection":[{"href":"https:\/\/wellnessmadrid.com\/shop\/wp-json\/wp\/v2\/pages"}],"about":[{"href":"https:\/\/wellnessmadrid.com\/shop\/wp-json\/wp\/v2\/types\/page"}],"author":[{"embeddable":true,"href":"https:\/\/wellnessmadrid.com\/shop\/wp-json\/wp\/v2\/users\/1"}],"replies":[{"embeddable":true,"href":"https:\/\/wellnessmadrid.com\/shop\/wp-json\/wp\/v2\/comments?post=7629"}],"version-history":[{"count":5,"href":"https:\/\/wellnessmadrid.com\/shop\/wp-json\/wp\/v2\/pages\/7629\/revisions"}],"predecessor-version":[{"id":7634,"href":"https:\/\/wellnessmadrid.com\/shop\/wp-json\/wp\/v2\/pages\/7629\/revisions\/7634"}],"wp:attachment":[{"href":"https:\/\/wellnessmadrid.com\/shop\/wp-json\/wp\/v2\/media?parent=7629"}],"curies":[{"name":"wp","href":"https:\/\/api.w.org\/{rel}","templated":true}]}}