{"id":6592,"date":"2021-09-22T22:49:06","date_gmt":"2021-09-22T20:49:06","guid":{"rendered":"https:\/\/wellnessmadrid.com\/shop\/?page_id=6592"},"modified":"2021-09-23T17:40:21","modified_gmt":"2021-09-23T15:40:21","slug":"tratamiento-facial-deep-lifting-and-glow-by-elisa-heros","status":"publish","type":"page","link":"https:\/\/wellnessmadrid.com\/shop\/tratamiento-facial-deep-lifting-and-glow-by-elisa-heros\/","title":{"rendered":"Tratamiento facial Deep lifting and glow by Elisa Heros"},"content":{"rendered":"<p>[vc_row][vc_column][vc_column_text]<\/p>\n<h1 style=\"text-align: center;\">Facialista Elisa Heros<\/h1>\n<p>[\/vc_column_text][dt_fancy_separator separator_color=\u00bbaccent\u00bb line_thickness=\u00bb3&#8243; el_width=\u00bb30%\u00bb][ultimate_spacer height=\u00bb30&#8243; height_on_tabs=\u00bb10&#8243; height_on_tabs_portrait=\u00bb10&#8243; height_on_mob_landscape=\u00bb10&#8243; height_on_mob=\u00bb10&#8243;][vc_column_text]<\/p>\n<h2 style=\"text-align: center;\">Facialista invitada en Wellness Boutique<\/h2>\n<p>[\/vc_column_text][ultimate_spacer height=\u00bb30&#8243; height_on_tabs=\u00bb10&#8243; height_on_tabs_portrait=\u00bb10&#8243; height_on_mob_landscape=\u00bb10&#8243; height_on_mob=\u00bb10&#8243;][\/vc_column][\/vc_row][vc_row][vc_column width=\u00bb1\/2&#8243;][vc_column_text]<\/p>\n<h3>Presentaci\u00f3n<\/h3>\n<p>[\/vc_column_text][dt_fancy_separator separator_color=\u00bbaccent\u00bb alignment=\u00bbleft\u00bb line_thickness=\u00bb3&#8243; el_width=\u00bb30%\u00bb][vc_column_text]<\/p>\n<div dir=\"auto\"><strong>ELISA HEROS<\/strong> es una de las <strong>Facialista<\/strong> y masajista <strong>hol\u00edstica<\/strong> mas reconocida a nivel internacional.<\/div>\n<div dir=\"auto\">Sus exclusivos tratamientos faciales con virtudes terap\u00e9uticas, han marcado un antes y un despu\u00e9s en el mundo de la est\u00e9tica. Empleando t\u00e9cnicas de masaje manual, con <strong>Gua Sha<\/strong> y acupuntura facial cosm\u00e9tica, los tratamientos faciales de Elisa aportan un resultado impresionante desde la primera sesi\u00f3n.<\/div>\n<div dir=\"auto\"><\/div>\n<div dir=\"auto\"><\/div>\n<div dir=\"auto\">Este a\u00f1o y durante un periodo limitado de tiempo, Wellness boutique tendr\u00e1 la gran suerte de recibirla como terapeuta invitada, y por ello, junto con Maria Casado, fundadora de Wellness Boutique, se han unido para\u00a0 dise\u00f1ar un tratamiento facial intensivo global.<\/div>\n<div dir=\"auto\"><\/div>\n<div dir=\"auto\"><\/div>\n<p>[\/vc_column_text][vc_column_text]<\/p>\n<h3 dir=\"auto\">Tratamiento Facial Deep lifting &amp; glow<\/h3>\n<p>[\/vc_column_text][dt_fancy_separator separator_color=\u00bbaccent\u00bb alignment=\u00bbleft\u00bb line_thickness=\u00bb3&#8243; el_width=\u00bb30%\u00bb][vc_column_text]<\/p>\n<div dir=\"auto\"><\/div>\n<div dir=\"auto\">Es un tratamiento que rescata el poder terap\u00e9utico de las manos y de las herramientas ancestrales, un ritual de belleza \u00fanico que relaja la musculatura facial, oxigena la piel a trav\u00e9s del flujo sangu\u00edneo, estimula el <strong>sistema linf\u00e1tico<\/strong> y reafirma y <strong>mejora el tono de la piel<\/strong>. Se trabaja el tejido profundo, estimulando la producci\u00f3n de col\u00e1geno y elastina a la vez que relajamos el sistema nervioso. El tratamiento incluye masajes intraorales que alivian los s\u00edntomas del bruxismo, y redefinen el \u00f3valo facial.<\/div>\n<div dir=\"auto\">El resultado es una piel radiante y sana.<\/div>\n<div dir=\"auto\"><\/div>\n<p>[\/vc_column_text][\/vc_column][vc_column width=\u00bb1\/2&#8243;][vc_single_image image=\u00bb6596&#8243; img_size=\u00bbfull\u00bb][\/vc_column][\/vc_row]<\/p>\n","protected":false},"excerpt":{"rendered":"<p>[vc_row][vc_column][vc_column_text] Facialista Elisa Heros [\/vc_column_text][dt_fancy_separator separator_color=\u00bbaccent\u00bb line_thickness=\u00bb3&#8243; el_width=\u00bb30%\u00bb][ultimate_spacer height=\u00bb30&#8243; height_on_tabs=\u00bb10&#8243; height_on_tabs_portrait=\u00bb10&#8243; height_on_mob_landscape=\u00bb10&#8243; height_on_mob=\u00bb10&#8243;][vc_column_text] Facialista invitada en Wellness Boutique [\/vc_column_text][ultimate_spacer height=\u00bb30&#8243; height_on_tabs=\u00bb10&#8243; height_on_tabs_portrait=\u00bb10&#8243; height_on_mob_landscape=\u00bb10&#8243; height_on_mob=\u00bb10&#8243;][\/vc_column][\/vc_row][vc_row][vc_column width=\u00bb1\/2&#8243;][vc_column_text] Presentaci\u00f3n [\/vc_column_text][dt_fancy_separator separator_color=\u00bbaccent\u00bb alignment=\u00bbleft\u00bb line_thickness=\u00bb3&#8243; el_width=\u00bb30%\u00bb][vc_column_text] ELISA HEROS es una de las Facialista y masajista hol\u00edstica mas reconocida a nivel internacional. Sus exclusivos tratamientos faciales con virtudes terap\u00e9uticas, han marcado&hellip;<\/p>\n","protected":false},"author":1,"featured_media":0,"parent":0,"menu_order":0,"comment_status":"closed","ping_status":"closed","template":"","meta":{"_monsterinsights_skip_tracking":false,"_monsterinsights_sitenote_active":false,"_monsterinsights_sitenote_note":"","_monsterinsights_sitenote_category":0,"jetpack_post_was_ever_published":false,"footnotes":""},"class_list":["post-6592","page","type-page","status-publish","hentry","description-off"],"aioseo_notices":[],"jetpack_sharing_enabled":true,"jetpack_shortlink":"https:\/\/wp.me\/PaX9Ox-1Ik","_links":{"self":[{"href":"https:\/\/wellnessmadrid.com\/shop\/wp-json\/wp\/v2\/pages\/6592","targetHints":{"allow":["GET"]}}],"collection":[{"href":"https:\/\/wellnessmadrid.com\/shop\/wp-json\/wp\/v2\/pages"}],"about":[{"href":"https:\/\/wellnessmadrid.com\/shop\/wp-json\/wp\/v2\/types\/page"}],"author":[{"embeddable":true,"href":"https:\/\/wellnessmadrid.com\/shop\/wp-json\/wp\/v2\/users\/1"}],"replies":[{"embeddable":true,"href":"https:\/\/wellnessmadrid.com\/shop\/wp-json\/wp\/v2\/comments?post=6592"}],"version-history":[{"count":13,"href":"https:\/\/wellnessmadrid.com\/shop\/wp-json\/wp\/v2\/pages\/6592\/revisions"}],"predecessor-version":[{"id":6619,"href":"https:\/\/wellnessmadrid.com\/shop\/wp-json\/wp\/v2\/pages\/6592\/revisions\/6619"}],"wp:attachment":[{"href":"https:\/\/wellnessmadrid.com\/shop\/wp-json\/wp\/v2\/media?parent=6592"}],"curies":[{"name":"wp","href":"https:\/\/api.w.org\/{rel}","templated":true}]}}