{"id":1613,"date":"2019-05-16T23:46:25","date_gmt":"2019-05-16T21:46:25","guid":{"rendered":"https:\/\/wellnessmadrid.com\/shop\/?page_id=1613"},"modified":"2019-11-19T18:39:55","modified_gmt":"2019-11-19T17:39:55","slug":"politica-de-cookies","status":"publish","type":"page","link":"https:\/\/wellnessmadrid.com\/shop\/politica-de-cookies\/","title":{"rendered":"Politica de Cookies"},"content":{"rendered":"<p>[vc_row][vc_column][vc_column_text]<\/p>\n<ol>\n<li><strong>Definiciones<\/strong><\/li>\n<\/ol>\n<p>&nbsp;<\/p>\n<p>Cookie es un fichero que se descarga en su ordenador al acceder a determinadas p\u00e1ginas web, Smartphone, tablet o dispositivo an\u00e1logo. Las cookies permiten a una p\u00e1gina web, entre otras cosas, almacenar y recuperar informaci\u00f3n sobre los h\u00e1bitos de navegaci\u00f3n de un usuario o de su equipo y, dependiendo de la informaci\u00f3n que contengan y de la forma en que utilice su equipo, pueden utilizarse para reconocer al usuario.<\/p>\n<p>&nbsp;<\/p>\n<p>El navegador del usuario memoriza cookies en el disco duro solamente durante la sesi\u00f3n actual ocupando un espacio de memoria m\u00ednimo y no perjudicando al ordenador. Las cookies no contienen ninguna clase de informaci\u00f3n personal espec\u00edfica, y la mayor\u00eda de las mismas se borran del disco duro al finalizar la sesi\u00f3n de navegador (las denominadas cookies de sesi\u00f3n).<\/p>\n<p>&nbsp;<\/p>\n<p>&nbsp;<\/p>\n<p>&nbsp;<\/p>\n<ol start=\"2\">\n<li><strong>\u00bfQu\u00e9 tipos de cookies utiliza esta p\u00e1gina web?<\/strong><\/li>\n<\/ol>\n<p>&nbsp;<\/p>\n<p>(IMPORTANTE: MODIFICAR EN CADA CASO. ESTA TABLA SOLO ES UN EJEMPLO) Navegar por este portal web supone que se puedan instalar los siguientes tipos de Cookies:<\/p>\n<p>&nbsp;<\/p>\n<table width=\"104%\">\n<tbody>\n<tr>\n<td colspan=\"2\" width=\"25%\"><strong>Tipo de cookie<\/strong><\/td>\n<td width=\"20%\"><strong>Nombre de la cookie<\/strong><\/td>\n<td width=\"20%\"><strong>Descripci\u00f3n<\/strong><\/td>\n<td width=\"32%\"><strong>Uso <\/strong><\/td>\n<\/tr>\n<tr>\n<td width=\"2%\"><\/td>\n<td width=\"22%\"><strong>DE RENDIMIENTO<\/strong><\/td>\n<td width=\"20%\"><\/td>\n<td width=\"20%\">Estas Cookies se utilizan para mejorar tu experiencia de navegaci\u00f3n y optimizar el funcionamiento de nuestros sitios web. Almacenan configuraciones de servicios para que no tengas que reconfigurarlos cada vez que nos visitas.<\/td>\n<td width=\"32%\">\n<ul>\n<li>Velocidades de transmisi\u00f3n de v\u00eddeo \u00f3ptimas.<\/li>\n<li>Contenidos adaptados a tu navegaci\u00f3n.<\/li>\n<li>Facilidad de viralizar el contenido de tu preferencia.<\/li>\n<li>Almacena la compra realizada en un \u201ccarrito de la compra\u201d en los Servicios de E-commerce.<\/li>\n<\/ul>\n<\/td>\n<\/tr>\n<tr>\n<td width=\"2%\"><\/td>\n<td width=\"22%\"><strong>DE GEOLOCALIZACI\u00d3N<\/strong><\/td>\n<td width=\"20%\"><\/td>\n<td width=\"20%\">Estas Cookies se utilizan para almacenar datos de geolocalizaci\u00f3n del ordenador o dispositivo para ofrecerte contenidos y servicios m\u00e1s adecuados.<\/td>\n<td width=\"32%\">\n<ul>\n<li>Contenidos ajustados al pa\u00eds, ciudad, idioma, etc.<\/li>\n<\/ul>\n<\/td>\n<\/tr>\n<tr>\n<td width=\"2%\"><\/td>\n<td width=\"22%\"><strong>DE REGISTRO<\/strong><\/td>\n<td width=\"20%\"><\/td>\n<td width=\"20%\">Las Cookies de registro se crean al registrarte o cuando inicias sesi\u00f3n en uno de nuestros portales web.<\/td>\n<td width=\"32%\">\n<ul>\n<li>Puedes mantenerte autenticado aunque cierres el navegador, as\u00ed cuando vuelvas seguir\u00e1s identificado a menos que te desconectes o cierres la sesi\u00f3n.<\/li>\n<li>Para acceder a ciertas zonas de nuestros portales web, por ejemplo para participar en un concurso.<\/li>\n<\/ul>\n<\/td>\n<\/tr>\n<tr>\n<td width=\"2%\"><\/td>\n<td width=\"22%\"><strong>ANAL\u00cdTICAS<\/strong><\/td>\n<td width=\"20%\"><\/td>\n<td width=\"20%\">Estas Cookies recopilan informaci\u00f3n de tu experiencia de navegaci\u00f3n en nuestros portales web de forma totalmente an\u00f3nima. &#8211; Podemos contabilizar el n\u00famero de visitantes de la p\u00e1gina o los contenidos m\u00e1s vistos.<\/td>\n<td width=\"32%\">\n<ul>\n<li>Podemos saber si el usuario que est\u00e1 accediendo es nuevo o repite visita.<\/li>\n<li>Esa informaci\u00f3n puede ayudarnos a mejorar la navegaci\u00f3n y darte un mejor servicio.<\/li>\n<\/ul>\n<\/td>\n<\/tr>\n<tr>\n<td width=\"2%\"><\/td>\n<td width=\"22%\"><strong>DE PUBLICIDAD<\/strong><\/td>\n<td width=\"20%\"><\/td>\n<td width=\"20%\">Estas Cookies recogen informaci\u00f3n sobre los anuncios mostrados a cada usuario an\u00f3nimo en los portales web. &#8211; Adaptar la publicidad al tipo de dispositivo desde el que el usuario se est\u00e1 conectando.<\/td>\n<td width=\"32%\">\n<ul>\n<li>Proporcionar anuncios gestionados a trav\u00e9s de terceros (\u201cAd-servers\u201d) que son mostrados en la p\u00e1gina en tiempo real.<\/li>\n<li>Conocer informaci\u00f3n sobre el resultado de las campa\u00f1as como el n\u00famero de clicks, duraci\u00f3n, frecuencia de visualizaci\u00f3n, etc.<\/li>\n<li>Ofrecerte publicidad de inter\u00e9s con base en tus h\u00e1bitos de navegaci\u00f3n.<\/li>\n<\/ul>\n<\/td>\n<\/tr>\n<tr>\n<td width=\"20\"><\/td>\n<td width=\"171\"><\/td>\n<td width=\"152\"><\/td>\n<td width=\"152\"><\/td>\n<td width=\"242\"><\/td>\n<\/tr>\n<\/tbody>\n<\/table>\n<p>&nbsp;<\/p>\n<p>&nbsp;<\/p>\n<ol start=\"3\">\n<li><strong>Desactivaci\u00f3n de cookies<\/strong><\/li>\n<\/ol>\n<p>&nbsp;<\/p>\n<p>El usuario podr\u00e1 -en cualquier momento- elegir qu\u00e9 cookies quiere que funcionen en este sitio web mediante la configuraci\u00f3n del\u00a0navegador; por ejemplo:<\/p>\n<p>&nbsp;<\/p>\n<ul>\n<li><strong>Chrome<\/strong>,desde\u00a0<a href=\"http:\/\/support.google.com\/chrome\/bin\/answer.py?hl=es&amp;answer=95647\">http:\/\/support.google.com\/chrome\/bin\/answer.py?hl=es&amp;answer=95647<\/a><\/li>\n<\/ul>\n<p>&nbsp;<\/p>\n<ul>\n<li><strong>Microsoft Edge. \/ Explorer<\/strong> desde\u00a0 <a href=\"http:\/\/windows.microsoft.com\/es-es\/windows7\/how-to-manage-cookies-in-internet-explorer-9\">http:\/\/windows.microsoft.com\/es-es\/windows7\/how-to-manage-cookies-in-internet-explorer-9<\/a><\/li>\n<\/ul>\n<p><strong>\u00a0<\/strong><\/p>\n<ul>\n<li><strong>Moziila Firefox<\/strong>, desde\u00a0<a href=\"http:\/\/support.mozilla.org\/es\/kb\/habilitar-y-deshabilitar-cookies-que-los-sitios-we\">http:\/\/support.mozilla.org\/es\/kb\/habilitar-y-deshabilitar-cookies-que-los-sitios-we<\/a><\/li>\n<\/ul>\n<p><strong>\u00a0<\/strong><\/p>\n<ul>\n<li><strong>Safari<\/strong>, desde\u00a0<a href=\"http:\/\/support.apple.com\/kb\/ph5042\u00e7\">http:\/\/support.apple.com\/kb\/ph5042\u00e7<\/a><\/li>\n<\/ul>\n<p>&nbsp;<\/p>\n<p>&nbsp;<\/p>\n<p>&nbsp;<\/p>\n<ol start=\"4\">\n<li><strong>Actualizaci\u00f3n de la pol\u00edtica de cookies<\/strong><\/li>\n<\/ol>\n<p><strong>\u00a0<\/strong><\/p>\n<p>Es posible que actualicemos la Pol\u00edtica de Cookies de nuestro Sitio Web, por ello le recomendamos revisar esta pol\u00edtica cada vez que acceda a nuestro Sitio Web con el objetivo de estar adecuadamente informado sobre c\u00f3mo y para qu\u00e9 usamos las cookies.<\/p>\n<p>[\/vc_column_text][\/vc_column][\/vc_row]<\/p>\n","protected":false},"excerpt":{"rendered":"<p>[vc_row][vc_column][vc_column_text] Definiciones &nbsp; Cookie es un fichero que se descarga en su ordenador al acceder a determinadas p\u00e1ginas web, Smartphone, tablet o dispositivo an\u00e1logo. Las cookies permiten a una p\u00e1gina web, entre otras cosas, almacenar y recuperar informaci\u00f3n sobre los h\u00e1bitos de navegaci\u00f3n de un usuario o de su equipo y, dependiendo de la informaci\u00f3n&hellip;<\/p>\n","protected":false},"author":1,"featured_media":0,"parent":0,"menu_order":0,"comment_status":"closed","ping_status":"closed","template":"","meta":{"_monsterinsights_skip_tracking":false,"_monsterinsights_sitenote_active":false,"_monsterinsights_sitenote_note":"","_monsterinsights_sitenote_category":0,"jetpack_post_was_ever_published":false,"footnotes":""},"class_list":["post-1613","page","type-page","status-publish","hentry","description-off"],"aioseo_notices":[],"jetpack_sharing_enabled":true,"jetpack_shortlink":"https:\/\/wp.me\/PaX9Ox-q1","_links":{"self":[{"href":"https:\/\/wellnessmadrid.com\/shop\/wp-json\/wp\/v2\/pages\/1613","targetHints":{"allow":["GET"]}}],"collection":[{"href":"https:\/\/wellnessmadrid.com\/shop\/wp-json\/wp\/v2\/pages"}],"about":[{"href":"https:\/\/wellnessmadrid.com\/shop\/wp-json\/wp\/v2\/types\/page"}],"author":[{"embeddable":true,"href":"https:\/\/wellnessmadrid.com\/shop\/wp-json\/wp\/v2\/users\/1"}],"replies":[{"embeddable":true,"href":"https:\/\/wellnessmadrid.com\/shop\/wp-json\/wp\/v2\/comments?post=1613"}],"version-history":[{"count":6,"href":"https:\/\/wellnessmadrid.com\/shop\/wp-json\/wp\/v2\/pages\/1613\/revisions"}],"predecessor-version":[{"id":2359,"href":"https:\/\/wellnessmadrid.com\/shop\/wp-json\/wp\/v2\/pages\/1613\/revisions\/2359"}],"wp:attachment":[{"href":"https:\/\/wellnessmadrid.com\/shop\/wp-json\/wp\/v2\/media?parent=1613"}],"curies":[{"name":"wp","href":"https:\/\/api.w.org\/{rel}","templated":true}]}}