{"id":1593,"date":"2019-05-16T18:12:48","date_gmt":"2019-05-16T16:12:48","guid":{"rendered":"https:\/\/wellnessmadrid.com\/shop\/?page_id=1593"},"modified":"2023-07-03T14:30:04","modified_gmt":"2023-07-03T12:30:04","slug":"condiciones-de-compra","status":"publish","type":"page","link":"https:\/\/wellnessmadrid.com\/shop\/condiciones-de-compra\/","title":{"rendered":"Condiciones de compra"},"content":{"rendered":"\t\t<div data-elementor-type=\"wp-page\" data-elementor-id=\"1593\" class=\"elementor elementor-1593\" data-elementor-post-type=\"page\">\n\t\t\t\t\t\t<section class=\"elementor-section elementor-top-section elementor-element elementor-element-3b9a6f32 elementor-section-boxed elementor-section-height-default elementor-section-height-default\" data-id=\"3b9a6f32\" data-element_type=\"section\" data-e-type=\"section\">\n\t\t\t\t\t\t<div class=\"elementor-container elementor-column-gap-default\">\n\t\t\t\t\t<div class=\"elementor-column elementor-col-100 elementor-top-column elementor-element elementor-element-48676478\" data-id=\"48676478\" data-element_type=\"column\" data-e-type=\"column\">\n\t\t\t<div class=\"elementor-widget-wrap elementor-element-populated\">\n\t\t\t\t\t\t<div class=\"elementor-element elementor-element-1cf74ca1 elementor-widget__width-initial elementor-widget elementor-widget-text-editor\" data-id=\"1cf74ca1\" data-element_type=\"widget\" data-e-type=\"widget\" data-widget_type=\"text-editor.default\">\n\t\t\t\t<div class=\"elementor-widget-container\">\n\t\t\t\t\t\t\t\t\t<p><br><\/p>\n<h2>IDENTIFICACI\u00d3N<\/h2>\n<p>WB SHOP es propiedad de WELLNESS BOUTIQUE M&amp;R S.L provista del CIF: B-93451243, domiciliada fiscal en plaza san Francisco n9 1.C . 29200 Antequera Malaga. Cualquier comunicaci\u00f3n se podr\u00e1 dirigir al domicilio social o al tel\u00e9fono &nbsp;917373595 o en el correo info@wellnessmadrid.com.<\/p>\n<p><\/p>\n<h2><strong>CONDICIONES DE COMPRA<\/strong><\/h2>\n<p>Las presentes condiciones generales de contrataci\u00f3n se aplican a todas las transacciones comerciales realizadas en nuestra tienda virtual, www.wellnessmadrid.com\/tienda<\/p>\n<p>Para m\u00e1s informaci\u00f3n sobre Wellness Boutique Experience y nuestra Pol\u00edtica de Privacidad consulta el Aviso Legal.<\/p>\n<p>Te rogamos que leas atentamente las presentes Condiciones de Compra y nuestra&nbsp;Pol\u00edtica de Privacidad&nbsp;antes de realizar el pedido. Si no est\u00e1s de acuerdo con todas las Condiciones de Compra y con la Pol\u00edtica de Privacidad, no debes realizar ning\u00fan pedido.<\/p>\n<h2>ENV\u00cdO<\/h2>\n<p>Nuestros servicios y bonos regalos se descargan y\/o entregan por email directamente, tras realizar la compra. Al no ser productos fisicos, no enviamos pedidos a domiciolio, por lo que no realizamos devoluciones. Si desea recoger tu regalo envuelto en nuestro centro, d\u00e9janos una nota y te lo prepararemos. Tambi\u00e9n puedes dejarnos una nota durante el proceso de pago para recoger tu regalo envuelto fisicamente en&nbsp; Wellness Boutique, calle Campoamor 5 en Madrid, sin ning\u00fan coste adicional.<\/p>\n<p><\/p>\n<h2>REEMBOLSO Y DEVOLUCIONES<\/h2>\n<p><\/p>\n<p>El comprador que haya realizado una compra a travez de nuestra pagina web, dispondr\u00e1 de 14 d\u00edas naturales para desistir, a partir del d\u00eda que el cliente reciba el product, sin penalizaci\u00f3n alguna y sin indicaci\u00f3n de los motivos.<\/p>\n<p>El ejercicio del derecho de desistimiento deber\u00e1 realizarse mediante notificaci\u00f3n telef\u00f3nica a 917373595,&nbsp; o dirigi\u00e9ndose al correo electr\u00f3nico info@wellnessmadrid.com<\/p>\n<p>Seg\u00fan lo establecido en el art\u00edculo 103 de la Ley 3\/2014, del 27 de marzo por la que se modifica el texto refundido de la Ley General para la defensa de los consumidores y usuario, los suministros de servicios o bienes confeccionado conforme a las especificaciones del consumidor o claramente personalizados, o que, por su naturaleza no puedan ser devueltos o puedan deteriorarse o caducar con rapidez, est\u00e1n exentos de desistimiento.<\/p>\n<p>La higiene y la seguridad de nuestros clientes son muy importantes para nosotros, no podemos realizar devoluci\u00f3n para los siguientes art\u00edculos devueltos:<\/p>\n<p>Todos los dispositivos que se hayan abierto, utilizado o cuyo sello de seguridad no est\u00e9 intacto&nbsp;<\/p>\n<p>No se admiten devoluciones de productos cosm\u00e9tica que hayan sido abierto o usado.&nbsp;<\/p>\n<p>No se admiten devoluciones de LYMA cuyo sello de seguridad no est\u00e9 intacto<\/p>\n<p>Todos los art\u00edculos se inspeccionan en el momento de la devoluci\u00f3n y si un art\u00edculo se devuelve da\u00f1ado, usado o en una condici\u00f3n inadecuada no podremos dar el reembolso y tendremos que enviarlo de nuevo<\/p>\n<p>No reembolsamos los gastos de env\u00edo.<\/p>\n<p><\/p>\n<p>No se admiten devoluciones de bono regalos f\u00edsicos&nbsp;<\/p>\n<p>Todos nuestros servicios y bonos regalo, van con fecha abierta y tienen una validez de 6 meses desde la fecha de compra. Pasado este periodo, se perder\u00eda el derecho a disfrutar del servicio sin reembolso posible. En todo momento esta permitido cambiar el servicio comprado por otro de mismo valor. Si desea cambiar el servicio por uno de importe superior, se abonar\u00eda la diferencia en el centro tras disfrutar del servicio<\/p>\n<p>Para cualquier duda o consulta pueden contactar con WB SHOP al 917373595<\/p>\n<p><\/p>\n<h2>CANCELACI\u00d3N DE SERVICIOS<\/h2>\n<p>Los servicios reservados se pueden cancelar y\/o modificar sin ninguna penalizaci\u00f3n &nbsp;siempre y cuando se notifique del cambio con un m\u00ednimo de 24 horas de antelaci\u00f3n. Pasado este periodo se cobrar\u00e1 una penalizaci\u00f3n del 50% del precio del servicio final.<\/p>\n<p><\/p>\n<h2>ACTIVIDAD<\/h2>\n<p>WP SHOP se dedica a la venta online de servicios de belleza, est\u00e9tica y masajes.<\/p>\n<p><\/p>\n<h2>CONTENIDOS E INFORMACI\u00d3N SUMINISTRADA EN EL WEBSITE<\/h2>\n<p>WB SHOP se reserva el derecho a modificar la oferta comercial presentada en el website denominado WB SHOP (modificaciones sobre productos, precios, promociones y otras condiciones comerciales y de servicio) en cualquier momento. WB SHOP hace todos los esfuerzos dentro de sus medios para ofrecer la informaci\u00f3n contenida en el website de forma veraz y sin errores tipogr\u00e1ficos. En el caso de que en alg\u00fan momento se produjera alg\u00fan error de este tipo, ajeno en todo momento a la voluntad de WB SHOP, se proceder\u00eda inmediatamente a su correcci\u00f3n. De existir un error tipogr\u00e1fico en alguno de los precios mostrados y alg\u00fan cliente hubiera tomado una decisi\u00f3n de compra basada en dicho error, WB SHOP le comunicar\u00e1 al cliente dicho error y el cliente tendr\u00e1 derecho a rescindir su compra sin ning\u00fan coste por su parte.<\/p>\n<p>Los contenidos del sitio web WB SHOP podr\u00edan, en ocasiones, mostrar informaci\u00f3n provisional sobre algunos productos. En el caso de que la informaci\u00f3n facilitada no correspondiera a las caracter\u00edsticas del producto el cliente tendr\u00e1 derecho a rescindir su compra sin ning\u00fan coste por su parte.<\/p>\n<p>WB SHOP no es responsable ni directa ni indirectamente de ninguna de las informaciones, contenidos, afirmaciones y expresiones que contengan los productos comercializados por WB SHOP. Dicha responsabilidad recae en todo momento en los fabricantes o distribuidores de dichos productos. El cliente entiende que WB SHOP es un mero intermediario entre \u00e9l y dicho fabricante o distribuidor.<\/p>\n<h2>IMPUESTOS APLICABLES<\/h2>\n<p>Los precios de los productos expuestos en la p\u00e1gina web de WB SHOP, incluyen el Impuesto sobre el Valor A\u00f1adido (IVA) que, en su caso, sea procedente aplicar.<\/p>\n<p>No se realizar\u00e1n entregas en Canarias, Ceuta o Melilla. Para casos puntuales puedes ponerte en contacto con nosotros en el tel\u00e9fono&nbsp;917373595.<\/p>\n<h2>FORMA DE PAGO<\/h2>\n<p>Al formular el pedido, el cliente puede elegir libremente abonar las compras que realice mediante tarjeta de cr\u00e9dito .<\/p>\n<p>En determinados casos y para prevenir posibles fraudes, WB SHOP se reserva la posibilidad de solicitar a un cliente una forma de pago concreta en el caso de que no se acredite fehacientemente la identidad del comprador.<\/p>\n<h2>&nbsp;<\/h2>\n<h2>SEGURIDAD Y PROTECCi\u00d3N AL COMPRADOR<\/h2>\n<p>La edad m\u00ednima de compra en WB SHOP es de 18 a\u00f1os.<\/p>\n<p>No se admiten devoluciones para la compra de servicios y bonos regalo<\/p>\n<p>Si un bono regalo o servicio distinto al solicitado por el cliente fuera entregado por error de WB SHOP, \u00e9ste le ser\u00e1 retirado y se le entregar\u00e1 el producto correcto sin ning\u00fan cargo adicional para el comprador.<\/p>\n<p>Para cualquier incidencia relacionada con la devoluci\u00f3n de art\u00edculos de nuestra tienda puede contactar con WB SHOP v\u00eda email: info@wellnessmadrid.com o por tel\u00e9fono 917373595.<\/p>\n<p><\/p>\n<h2>LEGISLACI\u00d3N APLICABLE Y JURISDICCI\u00d3N COMPETENTE<\/h2>\n<p>Las compraventas realizadas con WB SHOP se someten a la legislaci\u00f3n de ESPA\u00d1A.<\/p>\n<p>En caso de cualquier conflicto o discrepancia, el fuero aplicable ser\u00e1 el de los Juzgados o Tribunales de Madrid.<\/p>\n<p><\/p>\n<p><br><\/p>\t\t\t\t\t\t\t\t<\/div>\n\t\t\t\t<\/div>\n\t\t\t\t\t<\/div>\n\t\t<\/div>\n\t\t\t\t\t<\/div>\n\t\t<\/section>\n\t\t\t\t<\/div>\n\t\t","protected":false},"excerpt":{"rendered":"<p>IDENTIFICACI\u00d3N WB SHOP es propiedad de WELLNESS BOUTIQUE M&amp;R S.L provista del CIF: B-93451243, domiciliada fiscal en plaza san Francisco n9 1.C . 29200 Antequera Malaga. Cualquier comunicaci\u00f3n se podr\u00e1 dirigir al domicilio social o al tel\u00e9fono &nbsp;917373595 o en el correo info@wellnessmadrid.com. CONDICIONES DE COMPRA Las presentes condiciones generales de contrataci\u00f3n se aplican a&hellip;<\/p>\n","protected":false},"author":1,"featured_media":0,"parent":0,"menu_order":0,"comment_status":"closed","ping_status":"closed","template":"","meta":{"_monsterinsights_skip_tracking":false,"_monsterinsights_sitenote_active":false,"_monsterinsights_sitenote_note":"","_monsterinsights_sitenote_category":0,"jetpack_post_was_ever_published":false,"footnotes":""},"class_list":["post-1593","page","type-page","status-publish","hentry"],"aioseo_notices":[],"jetpack_sharing_enabled":true,"jetpack_shortlink":"https:\/\/wp.me\/PaX9Ox-pH","_links":{"self":[{"href":"https:\/\/wellnessmadrid.com\/shop\/wp-json\/wp\/v2\/pages\/1593","targetHints":{"allow":["GET"]}}],"collection":[{"href":"https:\/\/wellnessmadrid.com\/shop\/wp-json\/wp\/v2\/pages"}],"about":[{"href":"https:\/\/wellnessmadrid.com\/shop\/wp-json\/wp\/v2\/types\/page"}],"author":[{"embeddable":true,"href":"https:\/\/wellnessmadrid.com\/shop\/wp-json\/wp\/v2\/users\/1"}],"replies":[{"embeddable":true,"href":"https:\/\/wellnessmadrid.com\/shop\/wp-json\/wp\/v2\/comments?post=1593"}],"version-history":[{"count":30,"href":"https:\/\/wellnessmadrid.com\/shop\/wp-json\/wp\/v2\/pages\/1593\/revisions"}],"predecessor-version":[{"id":7530,"href":"https:\/\/wellnessmadrid.com\/shop\/wp-json\/wp\/v2\/pages\/1593\/revisions\/7530"}],"wp:attachment":[{"href":"https:\/\/wellnessmadrid.com\/shop\/wp-json\/wp\/v2\/media?parent=1593"}],"curies":[{"name":"wp","href":"https:\/\/api.w.org\/{rel}","templated":true}]}}